{"id":618,"date":"2024-06-22T12:31:35","date_gmt":"2024-06-22T10:31:35","guid":{"rendered":"http:\/\/restaurant-zeitlos.eu\/wordpress\/?page_id=618"},"modified":"2024-06-22T13:03:59","modified_gmt":"2024-06-22T11:03:59","slug":"datenschutzerklaerung","status":"publish","type":"page","link":"https:\/\/restaurant-zeitlos.eu\/wordpress\/wp-admin\/datenschutzerklaerung","title":{"rendered":"Datenschutzerkl\u00e4rung"},"content":{"rendered":"<p><strong>Datenschutzerkl\u00e4rung<\/strong><\/p>\n<p>In dieser Datenschutzerkl\u00e4rung informieren wir Sie \u00fcber die Verarbeitung personenbezogener Daten bei der Nutzung dieser Website.<\/p>\n<p><strong>Verantwortlicher<\/strong><\/p>\n<p>\nJutta und Wolfram Aeckersberg GbR, Wenkbacher Str. 16, 35096 Weimar-Argenstein, o6421-6902680, info@restaurant-zeitlos.eu<\/p>\n<p><strong>Hosting<\/strong><\/p>\n<p>Wir hosten unsere Webseite bei<br \/>\nunited-domains AG,<br \/>\nGautinger Stra\u00dfe 10,<br \/>\n82319 Starnberg\n<\/p>\n<p><strong>Personenbezogene Daten<\/strong><\/p>\n<p>Personenbezogene Daten sind alle Informationen, die sich auf eine identifizierte oder identifizierbare nat\u00fcrliche Person (betroffene Person) beziehen. Als identifizierbar wird eine nat\u00fcrliche Person angesehen, die direkt oder indirekt, insbesondere mittels Zuordnung zu einer Kennung wie einem Namen, zu einer Kennnummer, zu Standortdaten, zu einer Online-Kennung oder zu einem oder mehreren besonderen Merkmalen identifiziert werden kann, die Ausdruck der physischen, physiologischen, genetischen, psychischen, wirtschaftlichen, kulturellen oder sozialen Identit\u00e4t dieser nat\u00fcrlichen Person sind.(Art. 4 DSGVO)<\/p>\n<p><strong>Daten beim Websiteaufruf<\/strong><\/p>\n<p>Wenn Sie diese Website nur zur Informatiion nutzen und keine Daten angeben, dann verarbeiten wir nur die Daten, die zur Anzeige der Website auf dem von Ihnen verwendeten internetf\u00e4higen Ger\u00e4t erforderlich sind. Das sind insbesondere:<\/p>\n<ul>\n<li>IP-Adresse<\/li>\n<li>Datum und Uhrzeit der Anfrage<\/li>\n<li>jeweils \u00fcbertragene Datenmenge<\/li>\n<li>die Website, von der die Anforderung kommt<\/li>\n<li>Browsertyp und Browserversion<\/li>\n<li>Betriebssystem<\/li>\n<\/ul>\n<p>Das berechtigte Interesse zur Verarbeitung dieser Daten ergibt sich gem\u00e4\u00df Art. 6 Abs. 1 lit. f) DSGVO, um die Darstellung der Website grunds\u00e4tzlich zu erm\u00f6glichen.<\/p>\n<p>\nAuf unserer Website besteht die M\u00f6glichkeit, durch ein Kontaktformular direkt mit uns in Kontakt zu treten. Nach Absenden des Kontaktformulars erfolgt eine Verarbeitung der von Ihnen eingegebenen personenbezogenen Daten durch den Verantwortlichen zum Zweck der Bearbeitung Ihrer Anfrage auf Grundlage der von Ihnen durch das Absenden des Formulars erteilten Einwilligung gem. Art. 6 Abs. 1 lit. a DSGVO bis auf Widerruf.<br \/>\nEs besteht keine gesetzliche oder vertragliche Verpflichtung zur Bereitstellung der personenbezogenen Daten. Die Nichtbereitstellung hat lediglich zur Folge, dass Sie Ihr Anliegen nicht \u00fcbermitteln und wir dieses nicht bearbeiten k\u00f6nnen.\n<\/p>\n<p><strong>Ihre Rechte<\/strong><\/p>\n<p>Als betroffene Person haben Sie nachfolgend aufgef\u00fchrte Rechte:<\/p>\n<ul>\n<li>Sie haben in Bezug auf die Sie betreffenden personenbezogenen Daten, die der Verantwortliche verarbeitet (Art. 15 DSGVO), ein Auskunftsrecht<\/li>\n<li>Sie haben das Recht auf Berichtigung der Sie betreffenden Daten, wenn diese unrichtig oder unvollst\u00e4ndig gespeichert werden (Art. 16 DSGVO),<\/li>\n<li>Sie haben gem\u00e4\u00df Art.17 DSGVO das Recht auf L\u00f6schung der Daten,<\/li>\n<li>Sie haben nach Art. 18 DSGVO das Recht, die Einschr\u00e4nkung der Verarbeitung Ihrer personenbezogenen Daten zu verlangen,<\/li>\n<li>Sie haben nach Art. 21 DSGVO ein Widerspruchsrecht gegen die Verarbeitung der Sie betreffenden personenbezogenen Daten ,<\/li>\n<li>Entsprechend Art. 22 DSGVO haben Sie das Recht, nicht einer ausschlie\u00dflich auf einer automatisierten Verarbeitung beruhenden Entscheidung, einschlie\u00dflich Profiling, unterworfen zu werden, die Ihnen gegen\u00fcber rechtliche Wirkung entfaltet oder Sie in \u00e4hnlicher Weise erheblich beeintr\u00e4chtigt ,<\/li>\n<li>Bei einem vermuteten Versto\u00df gegen das Datenschutzrecht, haben Sie das Recht, sich bei der zust\u00e4ndigen Aufsichtsbeh\u00f6rde zu beschweren (Art. 77 DSGVO). Zust\u00e4ndig ist die Aufsichtsbeh\u00f6rde an Ihrem \u00fcblichen Aufenthaltsort, Arbeitsplatz oder am Ort des vermuteten Versto\u00dfes.<\/li>\n<\/ul>\n<p><strong>Einsatz von Cookies&nbsp;<\/strong><\/p>\n<p><u>Grunds\u00e4tzliches zum Einsatz von Cookies<\/u><\/p>\n<p>Beim Besuch der Website k\u00f6nnen Cookies auf Ihrem Ger\u00e4t gespeichert werden. Cookies sind kleine Textdateien, die von dem von Ihnen verwendeten Browser gespeichert werden. Cookies k\u00f6nnen weder  Programme ausf\u00fchren noch Viren auf Ihr Ger\u00e4t \u00fcbertragen. Die Stelle, die den Cookie setzt, kann dar\u00fcber jedoch bestimmte Informationen erhalten. So kann mithilfe von Cookies insbesondere das Ger\u00e4t, mit dem diese Website aufgerufen wurde, bei einem erneuten Aufruf erkannt werden.<\/p>\n<p>Durch die Browsereinstellungen l\u00e4sst sich das Setzen von Cookies einschr\u00e4nken oder verhindern. So kann z. B. nur die Annahme von Cookies, die von Drittanbietern stammen, blockiert werden oder aber auch die Annahme von allen Cookies. Durch das Blockieren sind jedoch m\u00f6glicherweise nicht mehr alle Funktionen dieser Website nutzbar. <\/p>\n<p><u>Verwendung von Cookies beim Aufruf dieser Seite<\/u><\/p>\n<p>F\u00fcr diese Seite sind nicht notwendige Cookies deaktiviert, da wir keinerlei Interesse an der Erhebung Ihrer Daten oder Ihres Nutzerverhaltens haben und auch keine Statistiken auswerten. Wir haben nur technisch notwendige Cookies aktiviert, die Voraussetzung f\u00fcr das Funktionieren der Seite sind.<\/p>\n","protected":false},"excerpt":{"rendered":"<p>Datenschutzerkl\u00e4rung In dieser Datenschutzerkl\u00e4rung informieren wir Sie \u00fcber die Verarbeitung personenbezogener Daten bei der Nutzung dieser Website. Verantwortlicher Jutta und Wolfram Aeckersberg GbR, Wenkbacher Str. 16, 35096 Weimar-Argenstein, o6421-6902680, info@restaurant-zeitlos.eu Hosting Wir hosten unsere Webseite bei united-domains AG, Gautinger Stra\u00dfe 10, 82319 Starnberg Personenbezogene Daten Personenbezogene Daten sind alle Informationen, die sich auf eine identifizierte &hellip; <a href=\"https:\/\/restaurant-zeitlos.eu\/wordpress\/wp-admin\/datenschutzerklaerung\" class=\"more-link\"><span class=\"screen-reader-text\">Datenschutzerkl\u00e4rung<\/span> weiterlesen<\/a><\/p>\n","protected":false},"author":1,"featured_media":0,"parent":0,"menu_order":0,"comment_status":"closed","ping_status":"closed","template":"","meta":[],"_links":{"self":[{"href":"https:\/\/restaurant-zeitlos.eu\/wordpress\/wp-admin\/wp-json\/wp\/v2\/pages\/618"}],"collection":[{"href":"https:\/\/restaurant-zeitlos.eu\/wordpress\/wp-admin\/wp-json\/wp\/v2\/pages"}],"about":[{"href":"https:\/\/restaurant-zeitlos.eu\/wordpress\/wp-admin\/wp-json\/wp\/v2\/types\/page"}],"author":[{"embeddable":true,"href":"https:\/\/restaurant-zeitlos.eu\/wordpress\/wp-admin\/wp-json\/wp\/v2\/users\/1"}],"replies":[{"embeddable":true,"href":"https:\/\/restaurant-zeitlos.eu\/wordpress\/wp-admin\/wp-json\/wp\/v2\/comments?post=618"}],"version-history":[{"count":13,"href":"https:\/\/restaurant-zeitlos.eu\/wordpress\/wp-admin\/wp-json\/wp\/v2\/pages\/618\/revisions"}],"predecessor-version":[{"id":631,"href":"https:\/\/restaurant-zeitlos.eu\/wordpress\/wp-admin\/wp-json\/wp\/v2\/pages\/618\/revisions\/631"}],"wp:attachment":[{"href":"https:\/\/restaurant-zeitlos.eu\/wordpress\/wp-admin\/wp-json\/wp\/v2\/media?parent=618"}],"curies":[{"name":"wp","href":"https:\/\/api.w.org\/{rel}","templated":true}]}}