{"id":263,"date":"2015-08-06T14:13:03","date_gmt":"2015-08-06T12:13:03","guid":{"rendered":"http:\/\/restaurant-zeitlos.eu\/wordpress\/?page_id=263"},"modified":"2021-06-28T15:05:57","modified_gmt":"2021-06-28T13:05:57","slug":"links","status":"publish","type":"page","link":"https:\/\/restaurant-zeitlos.eu\/wordpress\/wp-admin\/links","title":{"rendered":"Links"},"content":{"rendered":"<p>Das Caf\u00e9-Restaurant Zeitlos liegt am beliebten Lahntal-Radweg. Informieren Sie sich:<\/p>\n<p><a href=\"http:\/\/de-de.daslahntal.de\/public\/aktiv-im-lahntal\/radwandern\/\" target=\"_blank\" rel=\"noopener noreferrer\">Lahntal-Tourismus-Verband<\/a><\/p>\n<p>Unser Caf\u00e9-Restaurant Zeitlos liegt direkt am k\u00fcnftigen Freilichtmuseum <a href=\"http:\/\/www.zeiteninsel.de\/\" target=\"_blank\" rel=\"noopener noreferrer\">Zeiteninsel<\/a>.<\/p>\n<p>&nbsp;<\/p>\n<p>&nbsp;<\/p>\n","protected":false},"excerpt":{"rendered":"<p>Das Caf\u00e9-Restaurant Zeitlos liegt am beliebten Lahntal-Radweg. Informieren Sie sich: Lahntal-Tourismus-Verband Unser Caf\u00e9-Restaurant Zeitlos liegt direkt am k\u00fcnftigen Freilichtmuseum Zeiteninsel. &nbsp; &nbsp;<\/p>\n","protected":false},"author":1,"featured_media":0,"parent":0,"menu_order":0,"comment_status":"closed","ping_status":"closed","template":"","meta":[],"_links":{"self":[{"href":"https:\/\/restaurant-zeitlos.eu\/wordpress\/wp-admin\/wp-json\/wp\/v2\/pages\/263"}],"collection":[{"href":"https:\/\/restaurant-zeitlos.eu\/wordpress\/wp-admin\/wp-json\/wp\/v2\/pages"}],"about":[{"href":"https:\/\/restaurant-zeitlos.eu\/wordpress\/wp-admin\/wp-json\/wp\/v2\/types\/page"}],"author":[{"embeddable":true,"href":"https:\/\/restaurant-zeitlos.eu\/wordpress\/wp-admin\/wp-json\/wp\/v2\/users\/1"}],"replies":[{"embeddable":true,"href":"https:\/\/restaurant-zeitlos.eu\/wordpress\/wp-admin\/wp-json\/wp\/v2\/comments?post=263"}],"version-history":[{"count":2,"href":"https:\/\/restaurant-zeitlos.eu\/wordpress\/wp-admin\/wp-json\/wp\/v2\/pages\/263\/revisions"}],"predecessor-version":[{"id":541,"href":"https:\/\/restaurant-zeitlos.eu\/wordpress\/wp-admin\/wp-json\/wp\/v2\/pages\/263\/revisions\/541"}],"wp:attachment":[{"href":"https:\/\/restaurant-zeitlos.eu\/wordpress\/wp-admin\/wp-json\/wp\/v2\/media?parent=263"}],"curies":[{"name":"wp","href":"https:\/\/api.w.org\/{rel}","templated":true}]}}