{"id":250,"date":"2015-08-06T14:12:22","date_gmt":"2015-08-06T12:12:22","guid":{"rendered":"http:\/\/restaurant-zeitlos.eu\/wordpress\/?page_id=250"},"modified":"2015-08-06T14:17:40","modified_gmt":"2015-08-06T12:17:40","slug":"wegbeschreibung","status":"publish","type":"page","link":"https:\/\/restaurant-zeitlos.eu\/wordpress\/wp-admin\/wegbeschreibung","title":{"rendered":"Wegbeschreibung"},"content":{"rendered":"<p>Sie finden unser Restaurant direkt am beliebten <a href=\"http:\/\/de-de.daslahntal.de\/public\/aktiv-im-lahntal\/radwandern\/\" target=\"_blank\"><strong><span style=\"color: #ff0000;\">Lahntal-Radweg<\/span><\/strong><\/a> in Argenstein an der Zeiteninsel:\u00a0 <span style=\"color: #ff0000;\"><a style=\"color: #ff0000;\" href=\"https:\/\/www.google.de\/maps\/place\/Wenkbacher+Str.,+35096+Weimar+%28Lahn%29\/@50.7429156,8.7301578,15z\/data=!4m2!3m1!1s0x47bc61c0920903cb:0x7f99bea968d05645\" target=\"_blank\">Google maps<\/a><\/span><\/p>\n<p>So erreichen Sie uns mit dem <strong><span style=\"color: #ff0000;\">\u00f6ffentlichen Personennahverkehr<\/span><\/strong>:<\/p>\n<p>Suchen Sie Ihre pers\u00f6nliche Busverbindung: <span style=\"color: #ff0000;\"><a style=\"color: #ff0000;\" href=\"http:\/\/www.rmv.de\" target=\"_blank\">RMV-Fahrplanauskunft<\/a><\/span><\/p>\n<p>Verbindungsbeispiel: <a href=\"https:\/\/restaurant-zeitlos.eu\/wordpress\/wp-content\/uploads\/2015\/08\/Busverbindung2.pdf\" class=\"pdfemb-viewer\" style=\"\" data-width=\"max\" data-height=\"max\" data-toolbar=\"bottom\" data-toolbar-fixed=\"off\">Busverbindung2<\/a><\/p>\n<p>&nbsp;<\/p>\n<p>Nat\u00fcrlich k\u00f6nnen Sie uns auch <strong><span style=\"color: #ff0000;\">mit dem Auto<\/span><\/strong> erreichen:<\/p>\n<ul>\n<li>aus Richtung Norden kommend \u00fcber die B3,\n<ul>\n<li>Ausfahrt Herborn\/Gladenbach\/Weimar: <span style=\"color: #ff0000;\"><a style=\"color: #ff0000;\" href=\"https:\/\/www.google.de\/maps\/dir\/Wetter+%28Hessen%29\/Wenkbacher+Str.,+35096+Weimar+%28Lahn%29\/@50.7720397,8.7639039,13z\/data=!4m13!4m12!1m5!1m1!1s0x47bc7c74d059bfe7:0x422435029b0a950!2m2!1d8.7268603!2d50.9033163!1m5!1m1!1s0x47bc61c0920903cb:0x7f99bea968d05645!2m2!1d8.7325718!2d50.7444533\" target=\"_blank\">Google maps<\/a><\/span><\/li>\n<\/ul>\n<\/li>\n<li>aus Richtung S\u00fcden, aus Frankfurt oder Gie\u00dfen kommend \u00fcber die B3,\n<ul>\n<li>Ausfahrt Ebsdorfergrund\/Fronhausen: <span style=\"color: #ff0000;\"><a style=\"color: #ff0000;\" href=\"https:\/\/www.google.de\/maps\/dir\/Gie%C3%9Fen\/Wenkbacher+Str.,+35096+Weimar+%28Lahn%29\/@50.6680394,8.5529471,11z\/data=!3m1!4b1!4m13!4m12!1m5!1m1!1s0x47bc58e4004b237d:0x422435029b0a490!2m2!1d8.6784031!2d50.5840512!1m5!1m1!1s0x47bc61c0920903cb:0x7f99bea968d05645!2m2!1d8.7325718!2d50.7444533\" target=\"_blank\">Google maps<\/a><\/span><\/li>\n<\/ul>\n<\/li>\n<\/ul>\n<p>&nbsp;<\/p>\n","protected":false},"excerpt":{"rendered":"<p>Sie finden unser Restaurant direkt am beliebten Lahntal-Radweg in Argenstein an der Zeiteninsel:\u00a0 Google maps So erreichen Sie uns mit dem \u00f6ffentlichen Personennahverkehr: Suchen Sie Ihre pers\u00f6nliche Busverbindung: RMV-Fahrplanauskunft Verbindungsbeispiel: &nbsp; Nat\u00fcrlich k\u00f6nnen Sie uns auch mit dem Auto erreichen: aus Richtung Norden kommend \u00fcber die B3, Ausfahrt Herborn\/Gladenbach\/Weimar: Google maps aus Richtung S\u00fcden, aus &hellip; <a href=\"https:\/\/restaurant-zeitlos.eu\/wordpress\/wp-admin\/wegbeschreibung\" class=\"more-link\"><span class=\"screen-reader-text\">Wegbeschreibung<\/span> weiterlesen<\/a><\/p>\n","protected":false},"author":1,"featured_media":0,"parent":0,"menu_order":0,"comment_status":"closed","ping_status":"closed","template":"","meta":[],"_links":{"self":[{"href":"https:\/\/restaurant-zeitlos.eu\/wordpress\/wp-admin\/wp-json\/wp\/v2\/pages\/250"}],"collection":[{"href":"https:\/\/restaurant-zeitlos.eu\/wordpress\/wp-admin\/wp-json\/wp\/v2\/pages"}],"about":[{"href":"https:\/\/restaurant-zeitlos.eu\/wordpress\/wp-admin\/wp-json\/wp\/v2\/types\/page"}],"author":[{"embeddable":true,"href":"https:\/\/restaurant-zeitlos.eu\/wordpress\/wp-admin\/wp-json\/wp\/v2\/users\/1"}],"replies":[{"embeddable":true,"href":"https:\/\/restaurant-zeitlos.eu\/wordpress\/wp-admin\/wp-json\/wp\/v2\/comments?post=250"}],"version-history":[{"count":11,"href":"https:\/\/restaurant-zeitlos.eu\/wordpress\/wp-admin\/wp-json\/wp\/v2\/pages\/250\/revisions"}],"predecessor-version":[{"id":266,"href":"https:\/\/restaurant-zeitlos.eu\/wordpress\/wp-admin\/wp-json\/wp\/v2\/pages\/250\/revisions\/266"}],"wp:attachment":[{"href":"https:\/\/restaurant-zeitlos.eu\/wordpress\/wp-admin\/wp-json\/wp\/v2\/media?parent=250"}],"curies":[{"name":"wp","href":"https:\/\/api.w.org\/{rel}","templated":true}]}}